{"id":668,"date":"2024-07-30T17:58:42","date_gmt":"2024-07-31T00:58:42","guid":{"rendered":"https:\/\/cryptodigitalbase.com\/politica-de-privacidad\/"},"modified":"2024-08-05T17:54:42","modified_gmt":"2024-08-06T00:54:42","slug":"politica-de-privacidad","status":"publish","type":"page","link":"https:\/\/cryptodigitalbase.com\/es\/politica-de-privacidad\/","title":{"rendered":"Pol\u00edtica de Privacidad"},"content":{"rendered":"\n<p>De conformidad con lo dispuesto en la Ley Federal de Protecci\u00f3n de Datos Personales en poder de particulares, el presente AVISO DE PRIVACIDAD se pone a disposici\u00f3n en los siguientes t\u00e9rminos:<\/p>\n\n<p>Responsable del uso y protecci\u00f3n de datos personales:<br\/>Es Carlos Alberto Barraza L\u00f3pez con domicilio en Calle 17 #1327, en el Centro de Agua Prieta, Sonora, C\u00f3digo Postal 84269. Nuestro Departamento de Datos Personales se encuentra en la direcci\u00f3n descrita anteriormente, que se encarga de tramitar las solicitudes de los titulares.<\/p>\n\n<p>Datos solicitados<br\/>Los datos personales recabados son: Nombre Completo, Fecha de Nacimiento, Sexo, Domicilio, Tel\u00e9fonos de Contacto, Registro Federal de Contribuyentes, Direcci\u00f3n, Correo Electr\u00f3nico, Informaci\u00f3n sobre formas de pago (tarjetas bancarias, de cr\u00e9dito o d\u00e9bito) que proporciones personalmente o por cualquier otro medio electr\u00f3nico, \u00f3ptico, sonoro, visual o a trav\u00e9s de cualquier otra tecnolog\u00eda.<\/p>\n\n<p>La recopilaci\u00f3n de datos realizada por Carlos Alberto Barraza L\u00f3pez es de buena fe y por ello presume que son verdaderos, correctos, completos e identifican al propietario que los suministra y\/o facilita, por lo que es responsabilidad de \u00e9ste que los datos que facilite a Carlos Alberto Barraza L\u00f3pez cumplan con dichas caracter\u00edsticas y se actualicen cuando sea necesario. Asimismo, Carlos Alberto Barraza L\u00f3pez se reserva el derecho de ejercer las acciones que considere oportunas en caso de falsificaci\u00f3n de datos.<\/p>\n\n<p>Datos personales sensibles:<br\/>Carlos Alberto Barraza L\u00f3pez no recoge datos personales sensibles.<\/p>\n\n<p>Finalidades del tratamiento de datos:<br\/>Los datos personales que Carlos Alberto Barraza L\u00f3pez recaba son necesarios y utilizados para el cumplimiento de la relaci\u00f3n jur\u00eddica presente o futura, siendo para las siguientes finalidades:<\/p>\n\n<p>Proporcionar el bien o servicio contratado.<br\/>Seguimiento de la relaci\u00f3n comercial y, en su caso, de cualquier problema que haya surgido respecto a los pedidos y\/o entrega de art\u00edculos.<br\/>Cumplimiento de los t\u00e9rminos y condiciones estipulados al momento de la compra y\/o firma del contrato.\nAsimismo, tus datos personales podr\u00e1n ser utilizados para las finalidades que a continuaci\u00f3n se exponen, debiendo tener en cuenta que dispones de un plazo de 5 d\u00edas para manifestar tu negativa al tratamiento de los mismos:<br\/>Dar a conocer nuestras promociones<br\/>Proporcionar informaci\u00f3n relativa a los distintos art\u00edculos, productos que comercializamos<br\/>Atender requerimientos legales de autoridades competentes. <br\/>Uso, limitaci\u00f3n y divulgaci\u00f3n:<br\/>Todos los datos personales son tratados bajo reglas de confidencialidad, siendo que t\u00fa como titular de los mismos tienes derecho a la limitaci\u00f3n de su uso y divulgaci\u00f3n, as\u00ed como a revocar tu consentimiento, para lo cual podr\u00e1s hacerlos valer conforme al procedimiento indicado en el documento que se encuentra al final de este aviso de privacidad.<\/p>\n\n<p>Derechos ARCO (Acceso, Rectificaci\u00f3n, Cancelaci\u00f3n y Oposici\u00f3n)<br\/>Tienes derecho a acceder a tus datos personales que poseemos, as\u00ed como a rectificarlos en caso de ser inexactos o incompletos, cancelarlos cuando consideres que no se requieren para alguna de las finalidades se\u00f1aladas en este aviso de privacidad, oponerte al tratamiento, siendo que podr\u00e1s hacerlos valer conforme al procedimiento se\u00f1alado en el documento al final de este aviso de privacidad.<\/p>\n\n<p>Transferencia de datos<br\/>Carlos Alberto Barraza L\u00f3pez podr\u00e1 transferir tus datos personales a sus filiales o subsidiarias que se identifiquen o asocien con la marca \u00abCryptoDigitalBase\u00bb, as\u00ed como a distribuidores autorizados y\/o terceros prestadores de servicios con los que tenga una relaci\u00f3n jur\u00eddica, as\u00ed como a Terceros Nacionales o Extranjeros, lo anterior para cumplir con cualquiera de las finalidades antes mencionadas. Los terceros y los destinatarios de los datos personales tienen las mismas obligaciones y\/o responsabilidades que Carlos Alberto Barraza L\u00f3pez de conformidad con lo dispuesto en el presente aviso de privacidad.<\/p>\n\n<p>Si no expresa su negativa a que se transfieran sus datos personales, se entender\u00e1 que ha dado su consentimiento t\u00e1cito y expreso para ello. No doy mi consentimiento para que mis datos personales sean transferidos.<\/p>\n\n<p>Protecci\u00f3n<br\/>La seguridad y confidencialidad de los datos que los usuarios proporcionen al contratar un servicio o comprar un producto online estar\u00e1n protegidos por un servidor seguro bajo el protocolo Secure Socket Layer (SSL), de tal forma que los datos enviados se transmitir\u00e1n encriptados para garantizar tu salvaguarda. Para verificar que se encuentra en un entorno protegido, aseg\u00farese de que cuando inicie sesi\u00f3n, aparezca una S en la barra de navegaci\u00f3n. Ejemplo: https: \/\/ Sin embargo, y a pesar de contar con herramientas cada vez m\u00e1s seguras, la protecci\u00f3n de los datos enviados por Internet no puede garantizarse al 100%, por lo que una vez recibidos se har\u00e1 todo lo posible por salvaguardar la informaci\u00f3n.<\/p>\n\n<p>Es extremadamente importante que la informaci\u00f3n personal clave, como el n\u00famero de la tarjeta de cr\u00e9dito y la contrase\u00f1a, se mantenga en un lugar seguro y no se comparta con nadie. Asimismo, finaliza siempre tu sesi\u00f3n y cierra el navegador cuando termines tus compras en www.CryptoDigitalbase.com, de esta forma evitar\u00e1s que terceros tengan acceso a realizar cambios en tu informaci\u00f3n personal y realicen pedidos en tu nombre. Esto es especialmente prioritario si est\u00e1s navegando en un ordenador p\u00fablico.<\/p>\n\n<p>Uso de cookies<br\/>Las cookies son piezas de informaci\u00f3n que se almacenan en el disco duro del visitante de una p\u00e1gina web a trav\u00e9s de su navegador.\nSe utilizan para determinar las preferencias de los usuarios que acceden al portal electr\u00f3nico (www.CryptoDigitalBase.com), as\u00ed como para realizar un seguimiento de determinados comportamientos o actividades.  Las cookies permiten reconocer a los usuarios, detectar el ancho de banda que han seleccionado, identificar la informaci\u00f3n m\u00e1s importante, calcular el tama\u00f1o de la audiencia y medir algunos par\u00e1metros de tr\u00e1fico.<\/p>\n\n<p>Es posible que usted elija que no desea almacenar una cookie en su computadora configurando su navegador para que la elimine, o que le notifique cuando se vaya a depositar una cookie, o que la bloquee autom\u00e1ticamente.<\/p>\n\n<p>Darse de baja del bolet\u00edn electr\u00f3nico<br\/>Los usuarios inscritos en el bolet\u00edn electr\u00f3nico pueden recibir un m\u00e1ximo de 4 correos electr\u00f3nicos por semana.\nLos usuarios que deseen dejar de recibir nuestro bolet\u00edn electr\u00f3nico pueden hacer clic en el enlace \u00abDarse de baja\u00bb, integrado en todos los boletines electr\u00f3nicos enviados por CryptoDigitalBase.com para no recibir futuros mensajes. <\/p>\n\n<p>Aceptaci\u00f3n y Revocaci\u00f3n del Consentimiento<br\/>Si no manifiestas tu oposici\u00f3n al tratamiento y\/o transferencia de tus datos personales conforme a las finalidades establecidas, se entender\u00e1 que has otorgado tu consentimiento t\u00e1cito para ello. Asimismo, se le informa que en cualquier momento podr\u00e1 revocar el consentimiento otorgado en esta notificaci\u00f3n, siendo que deber\u00e1 realizar el procedimiento indicado en el documento al final de esta notificaci\u00f3n de privacidad.<\/p>\n\n<p>Cambios al Aviso de Privacidad<br\/>El presente aviso de privacidad podr\u00e1 ser modificado en cualquier momento por Carlos Alberto Barraza L\u00f3pez, y dichas modificaciones ser\u00e1n notificadas a trav\u00e9s de nuestro sitio web www.CryptoDigitalBase.com.<\/p>\n\n<p>Informaci\u00f3n de contacto del servicio de atenci\u00f3n al cliente<br\/>Tel.\n(633) 1212137 <\/p>\n\n<p>Email: carlos@barrazaenterprises.com<\/p>\n\n<p>Fecha de la \u00faltima actualizaci\u00f3n 04\/06\/2024<\/p>\n\n<p>Autoridad<br\/>Si el usuario considera que se han vulnerado sus derechos en materia de protecci\u00f3n de datos personales, tiene derecho a acudir a la autoridad correspondiente para defender su ejercicio. The authority is the National Institute of Transparency, Access to Information and Protection of Personal Data (INAI), its website is: www.inai.org.mx.<\/p>\n","protected":false},"excerpt":{"rendered":"<p>De conformidad con lo dispuesto en la Ley Federal de Protecci\u00f3n de Datos Personales en poder de particulares, el presente AVISO DE PRIVACIDAD se pone a disposici\u00f3n en los siguientes t\u00e9rminos: Responsable del uso y protecci\u00f3n de datos personales:Es Carlos Alberto Barraza L\u00f3pez con domicilio en Calle 17 #1327, en el Centro de Agua Prieta, [&hellip;]<\/p>\n","protected":false},"author":1,"featured_media":0,"parent":0,"menu_order":0,"comment_status":"closed","ping_status":"open","template":"","meta":{"_acf_changed":false,"footnotes":""},"class_list":["post-668","page","type-page","status-publish","hentry"],"acf":[],"_links":{"self":[{"href":"https:\/\/cryptodigitalbase.com\/es\/wp-json\/wp\/v2\/pages\/668","targetHints":{"allow":["GET"]}}],"collection":[{"href":"https:\/\/cryptodigitalbase.com\/es\/wp-json\/wp\/v2\/pages"}],"about":[{"href":"https:\/\/cryptodigitalbase.com\/es\/wp-json\/wp\/v2\/types\/page"}],"author":[{"embeddable":true,"href":"https:\/\/cryptodigitalbase.com\/es\/wp-json\/wp\/v2\/users\/1"}],"replies":[{"embeddable":true,"href":"https:\/\/cryptodigitalbase.com\/es\/wp-json\/wp\/v2\/comments?post=668"}],"version-history":[{"count":1,"href":"https:\/\/cryptodigitalbase.com\/es\/wp-json\/wp\/v2\/pages\/668\/revisions"}],"predecessor-version":[{"id":669,"href":"https:\/\/cryptodigitalbase.com\/es\/wp-json\/wp\/v2\/pages\/668\/revisions\/669"}],"wp:attachment":[{"href":"https:\/\/cryptodigitalbase.com\/es\/wp-json\/wp\/v2\/media?parent=668"}],"curies":[{"name":"wp","href":"https:\/\/api.w.org\/{rel}","templated":true}]}}