{"id":1092,"date":"2024-07-31T16:14:06","date_gmt":"2024-07-31T23:14:06","guid":{"rendered":"https:\/\/cryptodigitalbase.com\/inicio\/"},"modified":"2024-08-08T18:18:58","modified_gmt":"2024-08-09T01:18:58","slug":"inicio","status":"publish","type":"page","link":"https:\/\/cryptodigitalbase.com\/es\/","title":{"rendered":"Inicio"},"content":{"rendered":"\t\t<div data-elementor-type=\"wp-page\" data-elementor-id=\"1092\" class=\"elementor elementor-1092 elementor-267\" data-elementor-post-type=\"page\">\n\t\t\t\t<div class=\"elementor-element elementor-element-7dc36f68 e-flex e-con-boxed e-con e-parent\" data-id=\"7dc36f68\" data-element_type=\"container\" data-e-type=\"container\" data-settings=\"{&quot;background_background&quot;:&quot;gradient&quot;}\">\n\t\t\t\t\t<div class=\"e-con-inner\">\n\t\t<div class=\"elementor-element elementor-element-71f88cd4 e-flex e-con-boxed e-con e-child\" data-id=\"71f88cd4\" data-element_type=\"container\" data-e-type=\"container\">\n\t\t\t\t\t<div class=\"e-con-inner\">\n\t\t\t\t<div class=\"elementor-element elementor-element-9e4e8cd elementor-widget elementor-widget-heading\" data-id=\"9e4e8cd\" data-element_type=\"widget\" data-e-type=\"widget\" data-widget_type=\"heading.default\">\n\t\t\t\t\t<h1 class=\"elementor-heading-title elementor-size-default\">Bienvenido a CryptoDigitalBase<\/h1>\t\t\t\t<\/div>\n\t\t\t\t<div class=\"elementor-element elementor-element-4f04d2f8 elementor-invisible elementor-widget elementor-widget-heading\" data-id=\"4f04d2f8\" data-element_type=\"widget\" data-e-type=\"widget\" data-settings=\"{&quot;_animation&quot;:&quot;fadeInUp&quot;}\" data-widget_type=\"heading.default\">\n\t\t\t\t\t<h2 class=\"elementor-heading-title elementor-size-default\">Eleva tu experiencia criptogr\u00e1fica<\/h2>\t\t\t\t<\/div>\n\t\t\t\t<div class=\"elementor-element elementor-element-23193ccc elementor-widget__width-initial elementor-widget-tablet__width-inherit elementor-widget elementor-widget-heading\" data-id=\"23193ccc\" data-element_type=\"widget\" data-e-type=\"widget\" data-widget_type=\"heading.default\">\n\t\t\t\t\t<p class=\"elementor-heading-title elementor-size-default\">Todo lo que necesitas saber sobre criptomonedas, tecnolog\u00eda blockchain, activos digitales y m\u00e1s.  <\/p>\t\t\t\t<\/div>\n\t\t\t\t<div class=\"elementor-element elementor-element-3391972 elementor-widget elementor-widget-text-editor\" data-id=\"3391972\" data-element_type=\"widget\" data-e-type=\"widget\" data-widget_type=\"text-editor.default\">\n\t\t\t\t\t\t\t\t\t<div class=\"cryptoboxes mcw-table light\" id=\"mcw-451\" data-realtime=\"on\"><div class=\"title-bar\">Crypto Table<\/div><table class=\"mcw-datatable dataTable display nowrap\" style=\"width: 100%\" data-length=\"50\" data-total=\"50\"><thead><tr><th class=\"col-rank text-left\" data-col=rank>#<\/th><th class=\"col-name text-left\" data-col=name>Coin<\/th><th class=\"col-price_usd\" data-col=price_usd>Price<\/th><th class=\"col-market_cap_usd\" data-col=market_cap_usd>Marketcap<\/th><th class=\"col-weekly\" data-col=weekly>Last 24h<\/th><th class=\"col-percent_change_24h\" data-col=percent_change_24h>Change<\/th><th class=\"col-volume_usd_24h\" data-col=volume_usd_24h>Volume (24h)<\/th><th class=\"col-available_supply\" data-col=available_supply>Supply<\/th><th class=\"col-symbol\" data-col=symbol>Symbol<\/th><\/tr><\/thead><tbody><\/tbody><\/table><\/div>\n\t\t\t\t\t\t\t\t<\/div>\n\t\t\t\t\t<\/div>\n\t\t\t\t<\/div>\n\t\t\t\t\t<\/div>\n\t\t\t\t<\/div>\n\t\t<div class=\"elementor-element elementor-element-798fcab3 e-flex e-con-boxed e-con e-parent\" data-id=\"798fcab3\" data-element_type=\"container\" data-e-type=\"container\">\n\t\t\t\t\t<div class=\"e-con-inner\">\n\t\t\t\t<div class=\"elementor-element elementor-element-25682fde elementor-widget elementor-widget-heading\" data-id=\"25682fde\" data-element_type=\"widget\" data-e-type=\"widget\" data-widget_type=\"heading.default\">\n\t\t\t\t\t<h2 class=\"elementor-heading-title elementor-size-default\">Nuestra red de socios<\/h2>\t\t\t\t<\/div>\n\t\t\t\t\t<\/div>\n\t\t\t\t<\/div>\n\t\t<div class=\"elementor-element elementor-element-b7587d4 e-flex e-con-boxed e-con e-parent\" data-id=\"b7587d4\" data-element_type=\"container\" data-e-type=\"container\">\n\t\t\t\t\t<div class=\"e-con-inner\">\n\t\t<div class=\"elementor-element elementor-element-74a5b7d4 e-flex e-con-boxed e-con e-child\" data-id=\"74a5b7d4\" data-element_type=\"container\" data-e-type=\"container\">\n\t\t\t\t\t<div class=\"e-con-inner\">\n\t\t\t\t<div class=\"elementor-element elementor-element-bb18423 elementor-widget elementor-widget-heading\" data-id=\"bb18423\" data-element_type=\"widget\" data-e-type=\"widget\" data-widget_type=\"heading.default\">\n\t\t\t\t\t<h2 class=\"elementor-heading-title elementor-size-default\">Secci\u00f3n clave<\/h2>\t\t\t\t<\/div>\n\t\t\t\t<div class=\"elementor-element elementor-element-26c407bd elementor-invisible elementor-widget elementor-widget-heading\" data-id=\"26c407bd\" data-element_type=\"widget\" data-e-type=\"widget\" data-settings=\"{&quot;_animation&quot;:&quot;fadeInUp&quot;}\" data-widget_type=\"heading.default\">\n\t\t\t\t\t<h3 class=\"elementor-heading-title elementor-size-default\">Gu\u00eda para principiantes<\/h3>\t\t\t\t<\/div>\n\t\t\t\t<div class=\"elementor-element elementor-element-14037efe elementor-widget__width-initial elementor-widget-tablet__width-inherit elementor-widget elementor-widget-heading\" data-id=\"14037efe\" data-element_type=\"widget\" data-e-type=\"widget\" data-widget_type=\"heading.default\">\n\t\t\t\t\t<p class=\"elementor-heading-title elementor-size-default\">\u00bfEres nuevo en criptograf\u00eda?\nEmpieza aqu\u00ed con nuestra completa gu\u00eda para principiantes que explica todo, desde los conceptos b\u00e1sicos hasta los avanzados, en t\u00e9rminos sencillos. <\/p>\t\t\t\t<\/div>\n\t\t\t\t<div class=\"elementor-element elementor-element-5a00b0e2 elementor-widget-tablet__width-inherit elementor-widget elementor-widget-image\" data-id=\"5a00b0e2\" data-element_type=\"widget\" data-e-type=\"widget\" data-widget_type=\"image.default\">\n\t\t\t\t\t\t\t\t\t\t\t\t\t\t\t<img fetchpriority=\"high\" decoding=\"async\" width=\"768\" height=\"288\" src=\"https:\/\/cryptodigitalbase.com\/wp-content\/uploads\/2024\/08\/cryptocurrency-golden-bitcoin-image-for-crypto-currency-3-768x288.jpg\" class=\"attachment-medium_large size-medium_large wp-image-609\" alt=\"\" srcset=\"https:\/\/cryptodigitalbase.com\/wp-content\/uploads\/2024\/08\/cryptocurrency-golden-bitcoin-image-for-crypto-currency-3-768x288.jpg 768w, https:\/\/cryptodigitalbase.com\/wp-content\/uploads\/2024\/08\/cryptocurrency-golden-bitcoin-image-for-crypto-currency-3-300x113.jpg 300w, https:\/\/cryptodigitalbase.com\/wp-content\/uploads\/2024\/08\/cryptocurrency-golden-bitcoin-image-for-crypto-currency-3-1024x384.jpg 1024w, https:\/\/cryptodigitalbase.com\/wp-content\/uploads\/2024\/08\/cryptocurrency-golden-bitcoin-image-for-crypto-currency-3-1536x576.jpg 1536w, https:\/\/cryptodigitalbase.com\/wp-content\/uploads\/2024\/08\/cryptocurrency-golden-bitcoin-image-for-crypto-currency-3.jpg 2000w\" sizes=\"(max-width: 768px) 100vw, 768px\" \/>\t\t\t\t\t\t\t\t\t\t\t\t\t\t\t<\/div>\n\t\t\t\t<div class=\"elementor-element elementor-element-4313143 elementor-align-center elementor-widget elementor-widget-global elementor-global-1094 elementor-global-641 elementor-widget-button\" data-id=\"4313143\" data-element_type=\"widget\" data-e-type=\"widget\" data-widget_type=\"button.default\">\n\t\t\t\t\t\t\t\t\t\t<a class=\"elementor-button elementor-button-link elementor-size-sm elementor-animation-grow\" href=\"https:\/\/cryptodigitalbase.com\/es\/guia-para-principiantes-sobre-las-criptomonedas\/\">\n\t\t\t\t\t\t<span class=\"elementor-button-content-wrapper\">\n\t\t\t\t\t\t\t\t\t<span class=\"elementor-button-text\">Gu\u00eda de lectura<\/span>\n\t\t\t\t\t<\/span>\n\t\t\t\t\t<\/a>\n\t\t\t\t\t\t\t\t<\/div>\n\t\t\t\t\t<\/div>\n\t\t\t\t<\/div>\n\t\t\t\t\t<\/div>\n\t\t\t\t<\/div>\n\t\t<div class=\"elementor-element elementor-element-315ae81b e-grid e-con-boxed e-con e-parent\" data-id=\"315ae81b\" data-element_type=\"container\" data-e-type=\"container\" data-settings=\"{&quot;background_background&quot;:&quot;classic&quot;}\">\n\t\t\t\t\t<div class=\"e-con-inner\">\n\t\t<div class=\"elementor-element elementor-element-15d9c865 e-con-full e-flex e-con e-child\" data-id=\"15d9c865\" data-element_type=\"container\" data-e-type=\"container\">\n\t\t\t\t<div class=\"elementor-element elementor-element-4f4ab3be elementor-widget elementor-widget-heading\" data-id=\"4f4ab3be\" data-element_type=\"widget\" data-e-type=\"widget\" data-widget_type=\"heading.default\">\n\t\t\t\t\t<h2 class=\"elementor-heading-title elementor-size-default\">Precios de las monedas<\/h2>\t\t\t\t<\/div>\n\t\t\t\t<div class=\"elementor-element elementor-element-d2cf6c6 elementor-widget elementor-widget-text-editor\" data-id=\"d2cf6c6\" data-element_type=\"widget\" data-e-type=\"widget\" data-widget_type=\"text-editor.default\">\n\t\t\t\t\t\t\t\t\t<p>Mantente informado con los precios de las criptomonedas en tiempo real.<br \/>\nComprueba los \u00faltimos precios y tendencias de tus monedas favoritas. <\/p>\n\t\t\t\t\t\t\t\t<\/div>\n\t\t<div class=\"elementor-element elementor-element-7603d30 e-grid e-con-full e-con e-child\" data-id=\"7603d30\" data-element_type=\"container\" data-e-type=\"container\">\n\t\t\t\t<\/div>\n\t\t\t\t<\/div>\n\t\t<div class=\"elementor-element elementor-element-3516e31b e-con-full e-flex e-con e-child\" data-id=\"3516e31b\" data-element_type=\"container\" data-e-type=\"container\">\n\t\t\t\t<div class=\"elementor-element elementor-element-6a971b9 elementor-widget elementor-widget-shortcode\" data-id=\"6a971b9\" data-element_type=\"widget\" data-e-type=\"widget\" data-widget_type=\"shortcode.default\">\n\t\t\t\t\t\t\t<div class=\"elementor-shortcode\"><div class=\"cryptoboxes\" id=\"mcw-610\" data-realtime=\"on\"><div class=\"mcw-list mcw-list-shadow mcw-list-1 mcw-white-theme\"><a href=\"https:\/\/cryptodigitalbase.com\/es\/prices\/bitcoin\/\" class=\"mcw-link mcw-list-row\"><div class=\"mcw-list-column\"><span class=\"coin-img\"><img decoding=\"async\" alt=\"bitcoin\" src=\"https:\/\/coin-images.coingecko.com\/coins\/images\/1\/thumb\/bitcoin.png\" height=\"25\" alt=\"bitcoin\"><\/span><span>Bitcoin<\/span><\/div><div class=\"mcw-list-column\"><span class=\"mcw-list-price\" data-price=\"77660.00000000000000\" data-live-price=\"BTCUSDT\" data-rate=\"1\" data-currency=\"USD\"><b class=\"fiat-symbol\">$<\/b> <span>77,660.00<\/span><\/span><span class=\"mcw-list-change down\">0.79%<\/span><\/div><\/a><a href=\"https:\/\/cryptodigitalbase.com\/es\/prices\/ethereum\/\" class=\"mcw-link mcw-list-row\"><div class=\"mcw-list-column\"><span class=\"coin-img\"><img decoding=\"async\" alt=\"ethereum\" src=\"https:\/\/coin-images.coingecko.com\/coins\/images\/279\/thumb\/ethereum.png\" height=\"25\" alt=\"ethereum\"><\/span><span>Ethereum<\/span><\/div><div class=\"mcw-list-column\"><span class=\"mcw-list-price\" data-price=\"2328.53000000000020\" data-live-price=\"ETHUSDT\" data-rate=\"1\" data-currency=\"USD\"><b class=\"fiat-symbol\">$<\/b> <span>2,328.53<\/span><\/span><span class=\"mcw-list-change down\">2.77%<\/span><\/div><\/a><a href=\"https:\/\/cryptodigitalbase.com\/es\/prices\/tether\/\" class=\"mcw-link mcw-list-row\"><div class=\"mcw-list-column\"><span class=\"coin-img\"><img decoding=\"async\" alt=\"tether\" src=\"https:\/\/coin-images.coingecko.com\/coins\/images\/325\/thumb\/Tether.png\" height=\"25\" alt=\"tether\"><\/span><span>Tether<\/span><\/div><div class=\"mcw-list-column\"><span class=\"mcw-list-price\" data-price=\"1.00000000000000\" data-live-price=\"\" data-rate=\"1\" data-currency=\"USD\"><b class=\"fiat-symbol\">$<\/b> <span>1.00<\/span><\/span><span class=\"mcw-list-change up\">0%<\/span><\/div><\/a><a href=\"https:\/\/cryptodigitalbase.com\/es\/prices\/bnb\/\" class=\"mcw-link mcw-list-row\"><div class=\"mcw-list-column\"><span class=\"coin-img\"><img decoding=\"async\" alt=\"bnb\" src=\"https:\/\/coin-images.coingecko.com\/coins\/images\/825\/thumb\/bnb-icon2_2x.png\" height=\"25\" alt=\"bnb\"><\/span><span>BNB<\/span><\/div><div class=\"mcw-list-column\"><span class=\"mcw-list-price\" data-price=\"633.44000000000005\" data-live-price=\"BNBUSDT\" data-rate=\"1\" data-currency=\"USD\"><b class=\"fiat-symbol\">$<\/b> <span>633.44<\/span><\/span><span class=\"mcw-list-change down\">1.43%<\/span><\/div><\/a><a href=\"https:\/\/cryptodigitalbase.com\/es\/prices\/solana\/\" class=\"mcw-link mcw-list-row\"><div class=\"mcw-list-column\"><span class=\"coin-img\"><img decoding=\"async\" alt=\"solana\" src=\"https:\/\/coin-images.coingecko.com\/coins\/images\/4128\/thumb\/solana.png\" height=\"25\" alt=\"solana\"><\/span><span>Solana<\/span><\/div><div class=\"mcw-list-column\"><span class=\"mcw-list-price\" data-price=\"85.81000000000000\" data-live-price=\"SOLUSDT\" data-rate=\"1\" data-currency=\"USD\"><b class=\"fiat-symbol\">$<\/b> <span>85.81<\/span><\/span><span class=\"mcw-list-change down\">2.8%<\/span><\/div><\/a><\/div><\/div><\/div>\n\t\t\t\t\t\t<\/div>\n\t\t\t\t<\/div>\n\t\t\t\t\t<\/div>\n\t\t\t\t<\/div>\n\t\t<div class=\"elementor-element elementor-element-3ecc5fbe e-flex e-con-boxed e-con e-parent\" data-id=\"3ecc5fbe\" data-element_type=\"container\" data-e-type=\"container\">\n\t\t\t\t\t<div class=\"e-con-inner\">\n\t\t<div class=\"elementor-element elementor-element-367765a9 e-flex e-con-boxed e-con e-child\" data-id=\"367765a9\" data-element_type=\"container\" data-e-type=\"container\">\n\t\t\t\t\t<div class=\"e-con-inner\">\n\t\t\t\t<div class=\"elementor-element elementor-element-15073ee7 elementor-widget elementor-widget-heading\" data-id=\"15073ee7\" data-element_type=\"widget\" data-e-type=\"widget\" data-widget_type=\"heading.default\">\n\t\t\t\t\t<h2 class=\"elementor-heading-title elementor-size-default\">Nuestro Blog<\/h2>\t\t\t\t<\/div>\n\t\t\t\t<div class=\"elementor-element elementor-element-413f4725 elementor-widget__width-initial elementor-widget-tablet__width-inherit elementor-invisible elementor-widget elementor-widget-heading\" data-id=\"413f4725\" data-element_type=\"widget\" data-e-type=\"widget\" data-settings=\"{&quot;_animation&quot;:&quot;fadeInUp&quot;}\" data-widget_type=\"heading.default\">\n\t\t\t\t\t<h3 class=\"elementor-heading-title elementor-size-default\">Explora sobre las criptomonedas<\/h3>\t\t\t\t<\/div>\n\t\t\t\t\t<\/div>\n\t\t\t\t<\/div>\n\t\t<div class=\"elementor-element elementor-element-3d07fc95 e-grid e-con-boxed e-con e-child\" data-id=\"3d07fc95\" data-element_type=\"container\" data-e-type=\"container\">\n\t\t\t\t\t<div class=\"e-con-inner\">\n\t\t\t\t<div class=\"elementor-element elementor-element-b0c58e2 elementor-cta--skin-classic elementor-animated-content elementor-bg-transform elementor-bg-transform-zoom-in elementor-widget elementor-widget-call-to-action\" data-id=\"b0c58e2\" data-element_type=\"widget\" data-e-type=\"widget\" data-widget_type=\"call-to-action.default\">\n\t\t\t\t\t\t\t<a class=\"elementor-cta\" href=\"https:\/\/cryptodigitalbase.com\/es\/criptomoneda\/\">\n\t\t\t\t\t<div class=\"elementor-cta__bg-wrapper\">\n\t\t\t\t<div class=\"elementor-cta__bg elementor-bg\" style=\"background-image: url(https:\/\/cryptodigitalbase.com\/wp-content\/uploads\/2024\/08\/bitcoin-cryptocurrency-in-black-leather-wallet-1024x682.jpg);\" role=\"img\" aria-label=\"bitcoin cryptocurrency in black leather wallet\"><\/div>\n\t\t\t\t<div class=\"elementor-cta__bg-overlay\"><\/div>\n\t\t\t<\/div>\n\t\t\t\t\t\t\t<div class=\"elementor-cta__content\">\n\t\t\t\t\n\t\t\t\t\t\t\t\t\t<h3 class=\"elementor-cta__title elementor-cta__content-item elementor-content-item\">\n\t\t\t\t\t\tCartera\t\t\t\t\t<\/h3>\n\t\t\t\t\n\t\t\t\t\n\t\t\t\t\t\t\t\t\t<div class=\"elementor-cta__button-wrapper elementor-cta__content-item elementor-content-item \">\n\t\t\t\t\t<span class=\"elementor-cta__button elementor-button elementor-size-\">\n\t\t\t\t\t\tLeer m\u00e1s\t\t\t\t\t<\/span>\n\t\t\t\t\t<\/div>\n\t\t\t\t\t\t\t<\/div>\n\t\t\t\t\t\t<\/a>\n\t\t\t\t\t\t<\/div>\n\t\t\t\t<div class=\"elementor-element elementor-element-3600d51 elementor-cta--skin-classic elementor-animated-content elementor-bg-transform elementor-bg-transform-zoom-in elementor-widget elementor-widget-call-to-action\" data-id=\"3600d51\" data-element_type=\"widget\" data-e-type=\"widget\" data-widget_type=\"call-to-action.default\">\n\t\t\t\t\t\t\t<a class=\"elementor-cta\" href=\"https:\/\/cryptodigitalbase.com\/es\/criptomoneda\/\">\n\t\t\t\t\t<div class=\"elementor-cta__bg-wrapper\">\n\t\t\t\t<div class=\"elementor-cta__bg elementor-bg\" style=\"background-image: url(https:\/\/cryptodigitalbase.com\/wp-content\/uploads\/2024\/08\/bitcoin-halving-cryptocurrency-trading-trading-at-home--1024x682.jpg);\" role=\"img\" aria-label=\"Bitcoin halving. Cryptocurrency trading. Trading at home.\"><\/div>\n\t\t\t\t<div class=\"elementor-cta__bg-overlay\"><\/div>\n\t\t\t<\/div>\n\t\t\t\t\t\t\t<div class=\"elementor-cta__content\">\n\t\t\t\t\n\t\t\t\t\t\t\t\t\t<h3 class=\"elementor-cta__title elementor-cta__content-item elementor-content-item\">\n\t\t\t\t\t\tComercio\t\t\t\t\t<\/h3>\n\t\t\t\t\n\t\t\t\t\n\t\t\t\t\t\t\t\t\t<div class=\"elementor-cta__button-wrapper elementor-cta__content-item elementor-content-item \">\n\t\t\t\t\t<span class=\"elementor-cta__button elementor-button elementor-size-\">\n\t\t\t\t\t\tLeer m\u00e1s\t\t\t\t\t<\/span>\n\t\t\t\t\t<\/div>\n\t\t\t\t\t\t\t<\/div>\n\t\t\t\t\t\t<\/a>\n\t\t\t\t\t\t<\/div>\n\t\t\t\t<div class=\"elementor-element elementor-element-a3e50b7 elementor-cta--skin-classic elementor-animated-content elementor-bg-transform elementor-bg-transform-zoom-in elementor-widget elementor-widget-call-to-action\" data-id=\"a3e50b7\" data-element_type=\"widget\" data-e-type=\"widget\" data-widget_type=\"call-to-action.default\">\n\t\t\t\t\t\t\t<a class=\"elementor-cta\" href=\"https:\/\/cryptodigitalbase.com\/es\/criptomoneda\/\">\n\t\t\t\t\t<div class=\"elementor-cta__bg-wrapper\">\n\t\t\t\t<div class=\"elementor-cta__bg elementor-bg\" style=\"background-image: url(https:\/\/cryptodigitalbase.com\/wp-content\/uploads\/2024\/08\/cryptocurrency-coins-in-sand-1024x512.jpg);\" role=\"img\" aria-label=\"Cryptocurrency coins in sand\"><\/div>\n\t\t\t\t<div class=\"elementor-cta__bg-overlay\"><\/div>\n\t\t\t<\/div>\n\t\t\t\t\t\t\t<div class=\"elementor-cta__content\">\n\t\t\t\t\n\t\t\t\t\t\t\t\t\t<h3 class=\"elementor-cta__title elementor-cta__content-item elementor-content-item\">\n\t\t\t\t\t\tMiner\u00eda\t\t\t\t\t<\/h3>\n\t\t\t\t\n\t\t\t\t\n\t\t\t\t\t\t\t\t\t<div class=\"elementor-cta__button-wrapper elementor-cta__content-item elementor-content-item \">\n\t\t\t\t\t<span class=\"elementor-cta__button elementor-button elementor-size-\">\n\t\t\t\t\t\tLeer m\u00e1s\t\t\t\t\t<\/span>\n\t\t\t\t\t<\/div>\n\t\t\t\t\t\t\t<\/div>\n\t\t\t\t\t\t<\/a>\n\t\t\t\t\t\t<\/div>\n\t\t\t\t\t<\/div>\n\t\t\t\t<\/div>\n\t\t\t\t\t<\/div>\n\t\t\t\t<\/div>\n\t\t<div class=\"elementor-element elementor-element-6d0228cb e-flex e-con-boxed e-con e-parent\" data-id=\"6d0228cb\" data-element_type=\"container\" data-e-type=\"container\" data-settings=\"{&quot;background_background&quot;:&quot;classic&quot;}\">\n\t\t\t\t\t<div class=\"e-con-inner\">\n\t\t<div class=\"elementor-element elementor-element-1eceb600 e-flex e-con-boxed e-con e-child\" data-id=\"1eceb600\" data-element_type=\"container\" data-e-type=\"container\">\n\t\t\t\t\t<div class=\"e-con-inner\">\n\t\t\t\t<div class=\"elementor-element elementor-element-65847312 elementor-widget elementor-widget-heading\" data-id=\"65847312\" data-element_type=\"widget\" data-e-type=\"widget\" data-widget_type=\"heading.default\">\n\t\t\t\t\t<h2 class=\"elementor-heading-title elementor-size-default\">Visi\u00f3n criptogr\u00e1fica<\/h2>\t\t\t\t<\/div>\n\t\t\t\t<div class=\"elementor-element elementor-element-499f16af elementor-invisible elementor-widget elementor-widget-heading\" data-id=\"499f16af\" data-element_type=\"widget\" data-e-type=\"widget\" data-settings=\"{&quot;_animation&quot;:&quot;fadeInUp&quot;}\" data-widget_type=\"heading.default\">\n\t\t\t\t\t<h3 class=\"elementor-heading-title elementor-size-default\">Perspectivas del panorama criptogr\u00e1fico<\/h3>\t\t\t\t<\/div>\n\t\t\t\t<div class=\"elementor-element elementor-element-90f63ee elementor-widget elementor-widget-text-editor\" data-id=\"90f63ee\" data-element_type=\"widget\" data-e-type=\"widget\" data-widget_type=\"text-editor.default\">\n\t\t\t\t\t\t\t\t\t<p style=\"text-align: center;\">De <a href=\"https:\/\/www.statista.com\/outlook\/fmo\/digital-assets\/cryptocurrencies\/worldwide#:~:text=The%20projected%20revenue%20in%20the,US%2445.3bn%20by%202025.\" target=\"_blank\" rel=\"noopener\">Statista<\/a> (2024)<\/p>\n\t\t\t\t\t\t\t\t<\/div>\n\t\t<div class=\"elementor-element elementor-element-7da768f e-grid e-con-full e-con e-child\" data-id=\"7da768f\" data-element_type=\"container\" data-e-type=\"container\">\n\t\t\t\t<div class=\"elementor-element elementor-element-1fb5f8f0 elementor-widget elementor-widget-counter\" data-id=\"1fb5f8f0\" data-element_type=\"widget\" data-e-type=\"widget\" data-widget_type=\"counter.default\">\n\t\t\t\t\t\t\t<div class=\"elementor-counter\">\n\t\t\t<div class=\"elementor-counter-title\">Ingresos por usuario<\/div>\t\t\t<div class=\"elementor-counter-number-wrapper\">\n\t\t\t\t<span class=\"elementor-counter-number-prefix\">$<\/span>\n\t\t\t\t<span class=\"elementor-counter-number\" data-duration=\"2000\" data-to-value=\"66.1\" data-from-value=\"33.1\" data-delimiter=\",\">33.1<\/span>\n\t\t\t\t<span class=\"elementor-counter-number-suffix\"><\/span>\n\t\t\t<\/div>\n\t\t<\/div>\n\t\t\t\t\t\t<\/div>\n\t\t\t\t<div class=\"elementor-element elementor-element-155eb74a elementor-widget elementor-widget-counter\" data-id=\"155eb74a\" data-element_type=\"widget\" data-e-type=\"widget\" data-widget_type=\"counter.default\">\n\t\t\t\t\t\t\t<div class=\"elementor-counter\">\n\t\t\t<div class=\"elementor-counter-title\">N\u00famero de usuarios previsto para 2025.<\/div>\t\t\t<div class=\"elementor-counter-number-wrapper\">\n\t\t\t\t<span class=\"elementor-counter-number-prefix\"><\/span>\n\t\t\t\t<span class=\"elementor-counter-number\" data-duration=\"2000\" data-to-value=\"861\" data-from-value=\"761\" data-delimiter=\",\">761<\/span>\n\t\t\t\t<span class=\"elementor-counter-number-suffix\">m<\/span>\n\t\t\t<\/div>\n\t\t<\/div>\n\t\t\t\t\t\t<\/div>\n\t\t\t\t<div class=\"elementor-element elementor-element-22a4a5fd elementor-widget elementor-widget-counter\" data-id=\"22a4a5fd\" data-element_type=\"widget\" data-e-type=\"widget\" data-widget_type=\"counter.default\">\n\t\t\t\t\t\t\t<div class=\"elementor-counter\">\n\t\t\t<div class=\"elementor-counter-title\">Previsi\u00f3n de ingresos en el mercado mundial de criptomonedas en 2024.<\/div>\t\t\t<div class=\"elementor-counter-number-wrapper\">\n\t\t\t\t<span class=\"elementor-counter-number-prefix\">$<\/span>\n\t\t\t\t<span class=\"elementor-counter-number\" data-duration=\"2000\" data-to-value=\"56.7\" data-from-value=\"46.7\" data-delimiter=\",\">46.7<\/span>\n\t\t\t\t<span class=\"elementor-counter-number-suffix\">bn<\/span>\n\t\t\t<\/div>\n\t\t<\/div>\n\t\t\t\t\t\t<\/div>\n\t\t\t\t<\/div>\n\t\t\t\t\t<\/div>\n\t\t\t\t<\/div>\n\t\t<div class=\"elementor-element elementor-element-60a6b863 e-grid e-con-boxed e-con e-child\" data-id=\"60a6b863\" data-element_type=\"container\" data-e-type=\"container\" data-settings=\"{&quot;background_background&quot;:&quot;gradient&quot;}\">\n\t\t\t\t\t<div class=\"e-con-inner\">\n\t\t<div class=\"elementor-element elementor-element-3af33553 e-con-full e-flex e-con e-child\" data-id=\"3af33553\" data-element_type=\"container\" data-e-type=\"container\">\n\t\t\t\t<div class=\"elementor-element elementor-element-63a84939 elementor-invisible elementor-widget elementor-widget-heading\" data-id=\"63a84939\" data-element_type=\"widget\" data-e-type=\"widget\" data-settings=\"{&quot;_animation&quot;:&quot;fadeInUp&quot;}\" data-widget_type=\"heading.default\">\n\t\t\t\t\t<h2 class=\"elementor-heading-title elementor-size-default\">Desbloquea tu criptopotencial<\/h2>\t\t\t\t<\/div>\n\t\t\t\t<\/div>\n\t\t\t\t<div class=\"elementor-element elementor-element-23a22bd6 elementor-widget elementor-widget-image\" data-id=\"23a22bd6\" data-element_type=\"widget\" data-e-type=\"widget\" data-widget_type=\"image.default\">\n\t\t\t\t\t\t\t\t\t\t\t\t\t\t\t<img decoding=\"async\" src=\"https:\/\/cryptodigitalbase.com\/wp-content\/uploads\/elementor\/thumbs\/set-of-cryptocurrencies-qs7oett2wpcyzkddfows6gil5p0k8wve6i4rj7eoi0.jpg\" title=\"Set of cryptocurrencies\" alt=\"Set of cryptocurrencies\" loading=\"lazy\" \/>\t\t\t\t\t\t\t\t\t\t\t\t\t\t\t<\/div>\n\t\t\t\t\t<\/div>\n\t\t\t\t<\/div>\n\t\t\t\t\t<\/div>\n\t\t\t\t<\/div>\n\t\t\t\t<\/div>\n\t\t","protected":false},"excerpt":{"rendered":"<p>Bienvenido a CryptoDigitalBase Eleva tu experiencia criptogr\u00e1fica Todo lo que necesitas saber sobre criptomonedas, tecnolog\u00eda blockchain, activos digitales y m\u00e1s. Nuestra red de socios Secci\u00f3n clave Gu\u00eda para principiantes \u00bfEres nuevo en criptograf\u00eda? Empieza aqu\u00ed con nuestra completa gu\u00eda para principiantes que explica todo, desde los conceptos b\u00e1sicos hasta los avanzados, en t\u00e9rminos sencillos. Read [&hellip;]<\/p>\n","protected":false},"author":1,"featured_media":18,"parent":0,"menu_order":0,"comment_status":"closed","ping_status":"closed","template":"elementor_header_footer","meta":{"_acf_changed":false,"footnotes":""},"class_list":["post-1092","page","type-page","status-publish","has-post-thumbnail","hentry"],"acf":[],"_links":{"self":[{"href":"https:\/\/cryptodigitalbase.com\/es\/wp-json\/wp\/v2\/pages\/1092","targetHints":{"allow":["GET"]}}],"collection":[{"href":"https:\/\/cryptodigitalbase.com\/es\/wp-json\/wp\/v2\/pages"}],"about":[{"href":"https:\/\/cryptodigitalbase.com\/es\/wp-json\/wp\/v2\/types\/page"}],"author":[{"embeddable":true,"href":"https:\/\/cryptodigitalbase.com\/es\/wp-json\/wp\/v2\/users\/1"}],"replies":[{"embeddable":true,"href":"https:\/\/cryptodigitalbase.com\/es\/wp-json\/wp\/v2\/comments?post=1092"}],"version-history":[{"count":6,"href":"https:\/\/cryptodigitalbase.com\/es\/wp-json\/wp\/v2\/pages\/1092\/revisions"}],"predecessor-version":[{"id":1739,"href":"https:\/\/cryptodigitalbase.com\/es\/wp-json\/wp\/v2\/pages\/1092\/revisions\/1739"}],"wp:featuredmedia":[{"embeddable":true,"href":"https:\/\/cryptodigitalbase.com\/es\/wp-json\/wp\/v2\/media\/18"}],"wp:attachment":[{"href":"https:\/\/cryptodigitalbase.com\/es\/wp-json\/wp\/v2\/media?parent=1092"}],"curies":[{"name":"wp","href":"https:\/\/api.w.org\/{rel}","templated":true}]}}