{"id":849,"date":"2024-07-30T17:58:42","date_gmt":"2024-07-31T00:58:42","guid":{"rendered":"https:\/\/cryptodigitalbase.com\/datenschutzrichtlinie\/"},"modified":"2024-08-05T18:02:20","modified_gmt":"2024-08-06T01:02:20","slug":"datenschutzrichtlinie","status":"publish","type":"page","link":"https:\/\/cryptodigitalbase.com\/de\/datenschutzrichtlinie\/","title":{"rendered":"Datenschutzrichtlinie"},"content":{"rendered":"\n<p>In \u00dcbereinstimmung mit den Bestimmungen des Bundesgesetzes \u00fcber den Schutz personenbezogener Daten von Privatpersonen wird dieser PRIVACY NOTICE in den folgenden Bedingungen zur Verf\u00fcgung gestellt:<\/p>\n\n<p>Verantwortlich f\u00fcr die Nutzung und den Schutz personenbezogener Daten:<br\/>Er ist Carlos Alberto Barraza L\u00f3pez mit Adresse in der Calle 17 #1327, im Agua Prieta Center, Sonora, Postleitzahl 84269. Unter der oben genannten Adresse befindet sich unsere Abteilung f\u00fcr pers\u00f6nliche Daten, die f\u00fcr die Bearbeitung der Anfragen der Schlagzeilen verantwortlich ist.<\/p>\n\n<p>Angeforderte Daten<br\/>Die erfassten pers\u00f6nlichen Daten sind: Vollst\u00e4ndiger Name, Geburtsdatum, Geschlecht, Adresse, Kontakttelefonnummern, Bundessteuerregister, Anschrift, E-Mail, Informationen \u00fcber Zahlungsmittel (Bank-, Kredit- oder Debitkarten), die Sie pers\u00f6nlich oder durch andere elektronische, optische, akustische, visuelle Mittel oder durch eine andere Technologie zur Verf\u00fcgung stellen.<\/p>\n\n<p>Die Erhebung der Daten durch Carlos Alberto Barraza L\u00f3pez erfolgt in gutem Glauben und aus diesem Grund wird davon ausgegangen, dass sie wahr, korrekt und vollst\u00e4ndig sind und den Eigent\u00fcmer identifizieren, der sie liefert und \/ oder zur Verf\u00fcgung stellt, so dass es in der Verantwortung des Eigent\u00fcmers liegt, dass die Daten, die er Carlos Alberto Barraza L\u00f3pez zur Verf\u00fcgung stellt, mit diesen Eigenschaften \u00fcbereinstimmen und nach Bedarf aktualisiert werden. Ebenso beh\u00e4lt sich Carlos Alberto Barraza L\u00f3pez das Recht vor, im Falle einer Datenf\u00e4lschung die ihm angemessen erscheinenden Ma\u00dfnahmen zu ergreifen.<\/p>\n\n<p>Sensible pers\u00f6nliche Daten:<br\/>Carlos Alberto Barraza L\u00f3pez sammelt keine sensiblen pers\u00f6nlichen Daten.<\/p>\n\n<p>Zwecke der Datenverarbeitung:<br\/>Die personenbezogenen Daten, die Carlos Alberto Barraza L\u00f3pez erhebt, sind f\u00fcr die Erf\u00fcllung des gegenw\u00e4rtigen oder zuk\u00fcnftigen Rechtsverh\u00e4ltnisses erforderlich und werden zu folgenden Zwecken verwendet:<\/p>\n\n<p>Bereitstellung der vertraglich vereinbarten Ware oder Dienstleistung.<br\/>\u00dcberwachung der Gesch\u00e4ftsbeziehung und ggf. Auftreten von Problemen im Zusammenhang mit Bestellungen und \/ oder der Lieferung von Artikeln.<br\/>Einhaltung der zum Zeitpunkt des Kaufs und \/ oder der Unterzeichnung des Vertrags festgelegten Bedingungen.\nEbenso k\u00f6nnen Ihre pers\u00f6nlichen Daten f\u00fcr die im Folgenden genannten Zwecke verwendet werden, wobei Sie \u00fcber eine Frist von 5 Tagen verf\u00fcgen, um Ihre Ablehnung der Verarbeitung dieser Daten zum Ausdruck zu bringen:<br\/>Bekanntmachung unserer Werbeaktionen<br\/>Bereitstellung von Informationen \u00fcber die verschiedenen Artikel und Produkte, die wir verkaufen<br\/>Erf\u00fcllung der gesetzlichen Anforderungen der zust\u00e4ndigen Beh\u00f6rden. <br\/>Verwendung, Einschr\u00e4nkung und Weitergabe:<br\/>Alle personenbezogenen Daten werden vertraulich behandelt, wobei Sie als Inhaber derselben das Recht haben, die Verwendung und Weitergabe einzuschr\u00e4nken sowie Ihre Zustimmung zu widerrufen, wodurch sie gem\u00e4\u00df dem im Dokument am Ende dieser Datenschutzerkl\u00e4rung angegebenen Verfahren g\u00fcltig werden k\u00f6nnen.<\/p>\n\n<p>ARCO-Rechte (Zugang, Berichtigung, L\u00f6schung und Widerspruch)<br\/>Sie haben das Recht, auf Ihre bei uns gespeicherten personenbezogenen Daten zuzugreifen, sie zu berichtigen, wenn sie unrichtig oder unvollst\u00e4ndig sind, sie zu l\u00f6schen, wenn Sie der Ansicht sind, dass sie f\u00fcr keinen der in dieser Datenschutzerkl\u00e4rung angegebenen Zwecke erforderlich sind, und sich der Behandlung zu widersetzen, wobei Sie diese gem\u00e4\u00df dem im Dokument am Ende dieser Datenschutzerkl\u00e4rung angegebenen Verfahren geltend machen k\u00f6nnen.<\/p>\n\n<p>Daten\u00fcbermittlung<br\/>Carlos Alberto Barraza L\u00f3pez kann Ihre personenbezogenen Daten an seine verbundenen Unternehmen oder Tochtergesellschaften, die mit der Marke &#8222;CryptoDigitalBase&#8220; identifiziert oder assoziiert sind, sowie an autorisierte H\u00e4ndler und\/oder Drittdienstleister, mit denen er in einer rechtlichen Beziehung steht, sowie an in- oder ausl\u00e4ndische Dritte weitergeben, um die oben genannten Zwecke zu erf\u00fcllen. Dritte und Empf\u00e4nger von personenbezogenen Daten haben die gleichen Verpflichtungen und\/oder Verantwortlichkeiten wie Carlos Alberto Barraza L\u00f3pez gem\u00e4\u00df den Bestimmungen dieser Datenschutzerkl\u00e4rung.<\/p>\n\n<p>Wenn Sie die \u00dcbermittlung Ihrer personenbezogenen Daten nicht ausdr\u00fccklich ablehnen, wird davon ausgegangen, dass Sie Ihre stillschweigende und ausdr\u00fcckliche Zustimmung dazu gegeben haben. Ich bin nicht damit einverstanden, dass meine pers\u00f6nlichen Daten \u00fcbertragen werden.<\/p>\n\n<p>Schutz<br\/>Die Sicherheit und Vertraulichkeit der Daten, die der Benutzer bei der Beauftragung einer Dienstleistung oder beim Online-Kauf eines Produkts angibt, wird durch einen sicheren Server mit dem Secure Socket Layer (SSL)-Protokoll gesch\u00fctzt, so dass die gesendeten Daten zu Ihrer Sicherheit verschl\u00fcsselt \u00fcbertragen werden. Um zu \u00fcberpr\u00fcfen, ob Sie sich in einer gesch\u00fctzten Umgebung befinden, stellen Sie sicher, dass bei der Anmeldung ein S in der Navigationsleiste erscheint. Beispiel: https: \/\/ Jedoch kann der Schutz von Daten, die \u00fcber das Internet versendet werden, trotz immer sicherer werdender Tools nicht zu 100 Prozent garantiert werden, so dass nach dem Empfang alles f\u00fcr die Sicherung der Informationen getan wird.<\/p>\n\n<p>Es ist \u00e4u\u00dferst wichtig, dass Ihre wichtigsten pers\u00f6nlichen Daten, wie z. B. Ihre Kreditkartennummer und Ihr Passwort, an einem sicheren Ort aufbewahrt und nicht an Dritte weitergegeben werden. Beenden Sie ebenfalls immer Ihre Sitzung und schlie\u00dfen Sie den Browser, wenn Sie Ihre Eink\u00e4ufe auf www.CryptoDigitalbase.com abgeschlossen haben. Auf diese Weise verhindern Sie, dass Dritte Zugang zu Ihren pers\u00f6nlichen Daten haben und Bestellungen in Ihrem Namen aufgeben k\u00f6nnen. Dies ist besonders wichtig, wenn Sie an einem \u00f6ffentlichen Computer surfen.<\/p>\n\n<p>Verwendung von Cookies<br\/>Cookies sind Informationen, die auf der Festplatte des Besuchers einer Webseite \u00fcber dessen Browser gespeichert werden.\nSie werden verwendet, um die Pr\u00e4ferenzen der Benutzer zu ermitteln, die auf das elektronische Portal (www.CryptoDigitalBase.com) zugreifen, sowie um bestimmte Verhaltensweisen oder Aktivit\u00e4ten zu verfolgen.  Cookies erm\u00f6glichen es, Benutzer wiederzuerkennen, die von ihnen gew\u00e4hlte Bandbreite zu erkennen, die wichtigsten Informationen zu identifizieren, die Gr\u00f6\u00dfe des Publikums zu berechnen und einige Verkehrsparameter zu messen.<\/p>\n\n<p>Es ist m\u00f6glich, dass Sie die Speicherung eines Cookies auf Ihrem Computer ablehnen, indem Sie Ihren Browser so einstellen, dass er diese l\u00f6scht oder Sie benachrichtigt, wenn ein Cookie abgelegt werden soll, oder dass er diese automatisch blockiert.<\/p>\n\n<p>Abmeldung vom elektronischen Newsletter<br\/>Benutzer, die sich f\u00fcr den elektronischen Newsletter angemeldet haben, k\u00f6nnen maximal 4 E-Mails pro Woche erhalten.\nBenutzer, die unseren elektronischen Newsletter nicht mehr erhalten m\u00f6chten, k\u00f6nnen auf den Link &#8222;Abmelden&#8220; klicken, der in alle von CryptoDigitalBase.com versandten elektronischen Newsletter integriert ist, um keine weiteren Nachrichten mehr zu erhalten. <\/p>\n\n<p>Zustimmung und Widerruf der Zustimmung<br\/>Wenn Sie sich nicht gegen die Verarbeitung und\/oder Weitergabe Ihrer personenbezogenen Daten gem\u00e4\u00df den festgelegten Zwecken aussprechen, wird davon ausgegangen, dass Sie stillschweigend Ihre Zustimmung dazu gegeben haben. Ebenso werden Sie dar\u00fcber informiert, dass Sie die in dieser Mitteilung erteilte Zustimmung jederzeit widerrufen k\u00f6nnen, wobei Sie das im Dokument am Ende dieser Datenschutzmitteilung angegebene Verfahren durchf\u00fchren m\u00fcssen.<\/p>\n\n<p>\u00c4nderungen des Datenschutzhinweises<br\/>Dieser Datenschutzhinweis kann jederzeit von Carlos Alberto Barraza L\u00f3pez ge\u00e4ndert werden. Diese \u00c4nderungen werden auf unserer Website www.CryptoDigitalBase.com bekannt gegeben.<\/p>\n\n<p>Kontaktdaten des Kundendienstes<br\/>Tel.\n(633) 1212137 <\/p>\n\n<p>Email: carlos@barrazaenterprises.com<\/p>\n\n<p>Datum der letzten Aktualisierung 04\/06\/2024<\/p>\n\n<p>Beh\u00f6rde<br\/>Wenn der Nutzer der Ansicht ist, dass seine Rechte in Bezug auf den Schutz personenbezogener Daten verletzt wurden, hat er das Recht, sich an die entsprechende Beh\u00f6rde zu wenden, um die Aus\u00fcbung dieser Rechte zu verteidigen. Die Beh\u00f6rde ist das Nationale Institut f\u00fcr Transparenz, Zugang zu Informationen und Schutz pers\u00f6nlicher Daten (INAI), seine Website lautet: www.inai.org.mx.<\/p>\n","protected":false},"excerpt":{"rendered":"<p>In \u00dcbereinstimmung mit den Bestimmungen des Bundesgesetzes \u00fcber den Schutz personenbezogener Daten von Privatpersonen wird dieser PRIVACY NOTICE in den folgenden Bedingungen zur Verf\u00fcgung gestellt: Verantwortlich f\u00fcr die Nutzung und den Schutz personenbezogener Daten:Er ist Carlos Alberto Barraza L\u00f3pez mit Adresse in der Calle 17 #1327, im Agua Prieta Center, Sonora, Postleitzahl 84269. Unter der [&hellip;]<\/p>\n","protected":false},"author":1,"featured_media":0,"parent":0,"menu_order":0,"comment_status":"closed","ping_status":"open","template":"","meta":{"_acf_changed":false,"footnotes":""},"class_list":["post-849","page","type-page","status-publish","hentry"],"acf":[],"_links":{"self":[{"href":"https:\/\/cryptodigitalbase.com\/de\/wp-json\/wp\/v2\/pages\/849","targetHints":{"allow":["GET"]}}],"collection":[{"href":"https:\/\/cryptodigitalbase.com\/de\/wp-json\/wp\/v2\/pages"}],"about":[{"href":"https:\/\/cryptodigitalbase.com\/de\/wp-json\/wp\/v2\/types\/page"}],"author":[{"embeddable":true,"href":"https:\/\/cryptodigitalbase.com\/de\/wp-json\/wp\/v2\/users\/1"}],"replies":[{"embeddable":true,"href":"https:\/\/cryptodigitalbase.com\/de\/wp-json\/wp\/v2\/comments?post=849"}],"version-history":[{"count":1,"href":"https:\/\/cryptodigitalbase.com\/de\/wp-json\/wp\/v2\/pages\/849\/revisions"}],"predecessor-version":[{"id":852,"href":"https:\/\/cryptodigitalbase.com\/de\/wp-json\/wp\/v2\/pages\/849\/revisions\/852"}],"wp:attachment":[{"href":"https:\/\/cryptodigitalbase.com\/de\/wp-json\/wp\/v2\/media?parent=849"}],"curies":[{"name":"wp","href":"https:\/\/api.w.org\/{rel}","templated":true}]}}