{"id":688,"date":"2024-07-31T18:25:12","date_gmt":"2024-08-01T01:25:12","guid":{"rendered":"https:\/\/cryptodigitalbase.com\/404-seite\/"},"modified":"2024-08-05T17:56:12","modified_gmt":"2024-08-06T00:56:12","slug":"404-seite","status":"publish","type":"page","link":"https:\/\/cryptodigitalbase.com\/de\/404-seite\/","title":{"rendered":"404 Seite"},"content":{"rendered":"\t\t<div data-elementor-type=\"wp-page\" data-elementor-id=\"688\" class=\"elementor elementor-688 elementor-302\" data-elementor-post-type=\"page\">\n\t\t\t\t<div class=\"elementor-element elementor-element-19f19aff e-flex e-con-boxed e-con e-parent\" data-id=\"19f19aff\" data-element_type=\"container\" data-e-type=\"container\" data-settings=\"{&quot;background_background&quot;:&quot;gradient&quot;}\">\n\t\t\t\t\t<div class=\"e-con-inner\">\n\t\t\t\t<div class=\"elementor-element elementor-element-224d1b7f elementor-widget elementor-widget-heading\" data-id=\"224d1b7f\" data-element_type=\"widget\" data-e-type=\"widget\" data-widget_type=\"heading.default\">\n\t\t\t\t\t<h1 class=\"elementor-heading-title elementor-size-default\">Fehler 404<\/h1>\t\t\t\t<\/div>\n\t\t\t\t<div class=\"elementor-element elementor-element-d14dbcc elementor-widget__width-initial elementor-widget-tablet__width-initial elementor-widget elementor-widget-heading\" data-id=\"d14dbcc\" data-element_type=\"widget\" data-e-type=\"widget\" data-widget_type=\"heading.default\">\n\t\t\t\t\t<p class=\"elementor-heading-title elementor-size-default\">Die Seite, die Sie suchen, wurde m\u00f6glicherweise entfernt, ihr Name wurde ge\u00e4ndert oder sie ist vor\u00fcbergehend nicht verf\u00fcgbar.<\/p>\t\t\t\t<\/div>\n\t\t\t\t<div class=\"elementor-element elementor-element-76f98dbd elementor-widget elementor-widget-button\" data-id=\"76f98dbd\" data-element_type=\"widget\" data-e-type=\"widget\" data-widget_type=\"button.default\">\n\t\t\t\t\t\t\t\t\t\t<a class=\"elementor-button elementor-button-link elementor-size-sm\" href=\"\/\">\n\t\t\t\t\t\t<span class=\"elementor-button-content-wrapper\">\n\t\t\t\t\t\t\t\t\t<span class=\"elementor-button-text\">Zur\u00fcck zur Homepage<\/span>\n\t\t\t\t\t<\/span>\n\t\t\t\t\t<\/a>\n\t\t\t\t\t\t\t\t<\/div>\n\t\t\t\t\t<\/div>\n\t\t\t\t<\/div>\n\t\t\t\t<\/div>\n\t\t","protected":false},"excerpt":{"rendered":"<p>Fehler 404 Die Seite, die Sie suchen, wurde m\u00f6glicherweise entfernt, ihr Name wurde ge\u00e4ndert oder sie ist vor\u00fcbergehend nicht verf\u00fcgbar. Zur\u00fcck zur Homepage<\/p>\n","protected":false},"author":1,"featured_media":16,"parent":0,"menu_order":0,"comment_status":"closed","ping_status":"closed","template":"elementor_header_footer","meta":{"_acf_changed":false,"footnotes":""},"class_list":["post-688","page","type-page","status-publish","has-post-thumbnail","hentry"],"acf":[],"_links":{"self":[{"href":"https:\/\/cryptodigitalbase.com\/de\/wp-json\/wp\/v2\/pages\/688","targetHints":{"allow":["GET"]}}],"collection":[{"href":"https:\/\/cryptodigitalbase.com\/de\/wp-json\/wp\/v2\/pages"}],"about":[{"href":"https:\/\/cryptodigitalbase.com\/de\/wp-json\/wp\/v2\/types\/page"}],"author":[{"embeddable":true,"href":"https:\/\/cryptodigitalbase.com\/de\/wp-json\/wp\/v2\/users\/1"}],"replies":[{"embeddable":true,"href":"https:\/\/cryptodigitalbase.com\/de\/wp-json\/wp\/v2\/comments?post=688"}],"version-history":[{"count":1,"href":"https:\/\/cryptodigitalbase.com\/de\/wp-json\/wp\/v2\/pages\/688\/revisions"}],"predecessor-version":[{"id":691,"href":"https:\/\/cryptodigitalbase.com\/de\/wp-json\/wp\/v2\/pages\/688\/revisions\/691"}],"wp:featuredmedia":[{"embeddable":true,"href":"https:\/\/cryptodigitalbase.com\/de\/wp-json\/wp\/v2\/media\/16"}],"wp:attachment":[{"href":"https:\/\/cryptodigitalbase.com\/de\/wp-json\/wp\/v2\/media?parent=688"}],"curies":[{"name":"wp","href":"https:\/\/api.w.org\/{rel}","templated":true}]}}